{"id":32709,"date":"2023-07-12T11:16:03","date_gmt":"2023-07-12T15:16:03","guid":{"rendered":"https:\/\/lastationbeaute.com\/success-stories\/alexane-palica\/"},"modified":"2025-12-03T17:17:45","modified_gmt":"2025-12-03T21:17:45","slug":"magalie-ramsay","status":"publish","type":"page","link":"https:\/\/lastationbeaute.com\/en\/success-stories\/magalie-ramsay\/","title":{"rendered":"Magalie Ramsay"},"content":{"rendered":"<p>[et_pb_section fb_built=&#8221;1&#8243; custom_padding_last_edited=&#8221;on|desktop&#8221; admin_label=&#8221;Maquillage Permanent&#8221; _builder_version=&#8221;4.27.4&#8243; _module_preset=&#8221;default&#8221; background_color=&#8221;RGBA(255,255,255,0)&#8221; background_image=&#8221;https:\/\/lastationbeaute.com\/wp-content\/uploads\/2025\/12\/Cover-Magalie-Ramsay-scaled.jpg&#8221; custom_padding=&#8221;550px||150px||false|false&#8221; custom_padding_tablet=&#8221;200px||50px||false|false&#8221; custom_padding_phone=&#8221;60px||0px||false|false&#8221; hover_enabled=&#8221;0&#8243; global_colors_info=&#8221;{}&#8221; background_size=&#8221;contain&#8221; sticky_enabled=&#8221;0&#8243;][et_pb_row module_class=&#8221;row-header&#8221; _builder_version=&#8221;4.21.0&#8243; _module_preset=&#8221;baf7b72b-fb34-485d-a850-af6361823b86&#8243; animation_style=&#8221;slide&#8221; animation_duration=&#8221;1200ms&#8221; global_colors_info=&#8221;{}&#8221;][et_pb_column type=&#8221;4_4&#8243; _builder_version=&#8221;4.19.4&#8243; _module_preset=&#8221;default&#8221; global_colors_info=&#8221;{}&#8221;][et_pb_text admin_label=&#8221;FORMATION EN CLASSE&#8221; _builder_version=&#8221;4.21.0&#8243; _module_preset=&#8221;default&#8221; header_5_font=&#8221;Poppins|||on|||||&#8221; header_5_text_color=&#8221;#FFFFFF&#8221; header_5_font_size=&#8221;18px&#8221; header_5_line_height=&#8221;1.3em&#8221; custom_margin=&#8221;||0px||false|false&#8221; header_5_font_size_tablet=&#8221;16px&#8221; header_5_font_size_phone=&#8221;14px&#8221; header_5_font_size_last_edited=&#8221;on|desktop&#8221; global_colors_info=&#8221;{}&#8221;]<\/p>\n<h5>SUCCESS STORIES<\/h5>\n<p>[\/et_pb_text][et_pb_text admin_label=&#8221;Maquillage Permanent&#8221; _builder_version=&#8221;4.21.0&#8243; _module_preset=&#8221;default&#8221; header_font=&#8221;Playfair Display||||||||&#8221; header_text_color=&#8221;#FFFFFF&#8221; header_font_size=&#8221;70px&#8221; header_line_height=&#8221;1.1em&#8221; custom_margin=&#8221;0px||0px||false|false&#8221; custom_padding=&#8221;0px||0px||false|false&#8221; header_font_size_tablet=&#8221;55px&#8221; header_font_size_phone=&#8221;35px&#8221; header_font_size_last_edited=&#8221;on|desktop&#8221; global_colors_info=&#8221;{}&#8221;]<\/p>\n<h1 class=\"text-white\">Magalie Ramsay<\/h1>\n<p>[\/et_pb_text][\/et_pb_column][\/et_pb_row][\/et_pb_section][et_pb_section fb_built=&#8221;1&#8243; _builder_version=&#8221;4.21.0&#8243; _module_preset=&#8221;default&#8221; background_color=&#8221;#FFFFFF&#8221; custom_margin=&#8221;||0px||false|false&#8221; custom_padding=&#8221;||0px||false|false&#8221; global_colors_info=&#8221;{}&#8221;][et_pb_row module_class=&#8221;row-90 row-85&#8243; _builder_version=&#8221;4.20.2&#8243; _module_preset=&#8221;baf7b72b-fb34-485d-a850-af6361823b86&#8243; width=&#8221;55%&#8221; width_tablet=&#8221;55%&#8221; width_phone=&#8221;90%&#8221; width_last_edited=&#8221;on|desktop&#8221; animation_style=&#8221;slide&#8221; animation_duration=&#8221;1200ms&#8221; global_colors_info=&#8221;{}&#8221;][et_pb_column type=&#8221;4_4&#8243; _builder_version=&#8221;4.19.4&#8243; _module_preset=&#8221;default&#8221; global_colors_info=&#8221;{}&#8221;][et_pb_text admin_label=&#8221;Lorsque la passion &#038; le soucis du d\u00e9tail se rencontrent, les r\u00e9sultats de vos prestations ne peuvent qu&#8217;\u00eatre \u00e9blouissants. Si vous avez envie de faire partie de la diff\u00e9rence dans la vie de vos clientes, vous d\u00e9tenez tout ce qu&#8217;il faut pour avoir une carri\u00e8re remplie de succ\u00e8s !&#8221; _builder_version=&#8221;4.21.0&#8243; _module_preset=&#8221;default&#8221; text_font=&#8221;Poppins||||||||&#8221; text_text_color=&#8221;#000000&#8243; text_font_size=&#8221;18px&#8221; text_line_height=&#8221;1.4em&#8221; header_font=&#8221;|700|||||||&#8221; header_text_align=&#8221;center&#8221; header_text_color=&#8221;#000000&#8243; header_font_size=&#8221;25px&#8221; header_line_height=&#8221;1.3em&#8221; header_3_font=&#8221;|700|||||||&#8221; header_3_text_align=&#8221;center&#8221; header_3_text_color=&#8221;#000000&#8243; header_3_font_size=&#8221;35px&#8221; header_3_line_height=&#8221;1.3em&#8221; text_orientation=&#8221;center&#8221; text_font_size_tablet=&#8221;17px&#8221; text_font_size_phone=&#8221;15px&#8221; text_font_size_last_edited=&#8221;on|desktop&#8221; header_font_size_tablet=&#8221;25px&#8221; header_font_size_phone=&#8221;25px&#8221; header_font_size_last_edited=&#8221;on|desktop&#8221; header_3_font_size_tablet=&#8221;35px&#8221; header_3_font_size_phone=&#8221;35px&#8221; header_3_font_size_last_edited=&#8221;on|desktop&#8221; global_colors_info=&#8221;{}&#8221;]<\/p>\n<h3>&#8220;Leadership is about making others better as a result of your presence and making sure that impact lasts in your absence.&#8221;<\/h3>\n<p>[\/et_pb_text][\/et_pb_column][\/et_pb_row][\/et_pb_section][et_pb_section fb_built=&#8221;1&#8243; custom_padding_last_edited=&#8221;off|desktop&#8221; module_class=&#8221;section-blanche&#8221; _builder_version=&#8221;4.21.0&#8243; _module_preset=&#8221;default&#8221; background_color=&#8221;RGBA(255,255,255,0)&#8221; z_index=&#8221;50&#8243; custom_margin=&#8221;||||false|false&#8221; custom_margin_tablet=&#8221;100px||||false|false&#8221; custom_margin_phone=&#8221;0px||||false|false&#8221; custom_margin_last_edited=&#8221;off|desktop&#8221; custom_padding=&#8221;0px||0px||false|false&#8221; custom_padding_tablet=&#8221;||100px||false|false&#8221; custom_padding_phone=&#8221;||20px||false|false&#8221; global_colors_info=&#8221;{}&#8221;][et_pb_row module_class=&#8221;row-90 row-85&#8243; _builder_version=&#8221;4.20.2&#8243; _module_preset=&#8221;baf7b72b-fb34-485d-a850-af6361823b86&#8243; width=&#8221;70%&#8221; width_tablet=&#8221;70%&#8221; width_phone=&#8221;90%&#8221; width_last_edited=&#8221;on|desktop&#8221; animation_style=&#8221;slide&#8221; animation_duration=&#8221;1200ms&#8221; global_colors_info=&#8221;{}&#8221;][et_pb_column type=&#8221;4_4&#8243; _builder_version=&#8221;4.19.4&#8243; _module_preset=&#8221;default&#8221; global_colors_info=&#8221;{}&#8221;][et_pb_text admin_label=&#8221;Lorsque la passion &#038; le soucis du d\u00e9tail se rencontrent, les r\u00e9sultats de vos prestations ne peuvent qu&#8217;\u00eatre \u00e9blouissants. Si vous avez envie de faire partie de la diff\u00e9rence dans la vie de vos clientes, vous d\u00e9tenez tout ce qu&#8217;il faut pour avoir une carri\u00e8re remplie de succ\u00e8s !&#8221; _builder_version=&#8221;4.21.0&#8243; _module_preset=&#8221;default&#8221; text_font=&#8221;Poppins||||||||&#8221; text_text_color=&#8221;#000000&#8243; text_font_size=&#8221;18px&#8221; text_line_height=&#8221;1.4em&#8221; text_font_size_tablet=&#8221;17px&#8221; text_font_size_phone=&#8221;15px&#8221; text_font_size_last_edited=&#8221;on|desktop&#8221; global_colors_info=&#8221;{}&#8221;]<\/p>\n<p><strong data-start=\"128\" data-end=\"211\">Since childhood, Magalie Ramsay has been fascinated by the world of aesthetics.<\/strong><span> From a young age, she was drawn to beauty, creativity, and the art of detail. Right after finishing high school, she naturally chose to pursue studies in aesthetics with the firm intention of building a lifelong career in the field. Ambitious and imaginative, she initially dreamed of becoming a renowned makeup artist working on film sets.<\/span><\/p>\n<p>[\/et_pb_text][\/et_pb_column][\/et_pb_row][et_pb_row column_structure=&#8221;1_2,1_2&#8243; _builder_version=&#8221;4.27.4&#8243; _module_preset=&#8221;default&#8221; global_colors_info=&#8221;{}&#8221;][et_pb_column type=&#8221;1_2&#8243; _builder_version=&#8221;4.27.4&#8243; _module_preset=&#8221;default&#8221; global_colors_info=&#8221;{}&#8221;][et_pb_image src=&#8221;https:\/\/lastationbeaute.com\/wp-content\/uploads\/2025\/12\/MagalieRamsay.jpg&#8221; title_text=&#8221;MagalieRamsay&#8221; _builder_version=&#8221;4.27.4&#8243; _module_preset=&#8221;default&#8221; global_colors_info=&#8221;{}&#8221;][\/et_pb_image][\/et_pb_column][et_pb_column type=&#8221;1_2&#8243; _builder_version=&#8221;4.27.4&#8243; _module_preset=&#8221;default&#8221; global_colors_info=&#8221;{}&#8221;][et_pb_image src=&#8221;https:\/\/lastationbeaute.com\/wp-content\/uploads\/2025\/12\/Magalie-Ramsay2-e1764771655508.jpg&#8221; title_text=&#8221;Magalie Ramsay2&#8243; _builder_version=&#8221;4.27.4&#8243; _module_preset=&#8221;default&#8221; global_colors_info=&#8221;{}&#8221;][\/et_pb_image][\/et_pb_column][\/et_pb_row][\/et_pb_section][et_pb_section fb_built=&#8221;1&#8243; admin_label=&#8221;WE CHANGE LIVES &#8211; WE TRAIN ARTISTS&#8221; _builder_version=&#8221;4.20.2&#8243; _module_preset=&#8221;default&#8221; background_color=&#8221;#FFFFFF&#8221; custom_margin=&#8221;||0px||false|false&#8221; custom_padding=&#8221;0px||0px||false|false&#8221; saved_tabs=&#8221;all&#8221; global_colors_info=&#8221;{}&#8221;][et_pb_row module_class=&#8221;row-90 row-une-liste row-85&#8243; _builder_version=&#8221;4.21.0&#8243; _module_preset=&#8221;baf7b72b-fb34-485d-a850-af6361823b86&#8243; width=&#8221;70%&#8221; custom_margin=&#8221;30px||50px||false|false&#8221; custom_margin_tablet=&#8221;30px||60px||false|false&#8221; custom_margin_phone=&#8221;30px||60px||false|false&#8221; custom_margin_last_edited=&#8221;on|tablet&#8221; custom_padding=&#8221;0px||||false|false&#8221; global_colors_info=&#8221;{}&#8221;][et_pb_column type=&#8221;4_4&#8243; _builder_version=&#8221;4.20.2&#8243; _module_preset=&#8221;default&#8221; custom_padding_tablet=&#8221;|||30px|false|false&#8221; custom_padding_phone=&#8221;|||30px|false|false&#8221; custom_padding_last_edited=&#8221;on|tablet&#8221; global_colors_info=&#8221;{}&#8221;][et_pb_text admin_label=&#8221;Qu&#8217;est-ce que le Maquillage Permanent&#8221; _builder_version=&#8221;4.21.0&#8243; _module_preset=&#8221;default&#8221; text_text_color=&#8221;#000000&#8243; text_font_size=&#8221;18px&#8221; text_line_height=&#8221;1.4em&#8221; ul_line_height=&#8221;1.4em&#8221; text_font_size_tablet=&#8221;17px&#8221; text_font_size_phone=&#8221;14px&#8221; text_font_size_last_edited=&#8221;on|desktop&#8221; text_line_height_tablet=&#8221;1.4em&#8221; text_line_height_phone=&#8221;1.4em&#8221; text_line_height_last_edited=&#8221;on|phone&#8221; ul_line_height_tablet=&#8221;1.4em&#8221; ul_line_height_phone=&#8221;1.2em&#8221; ul_line_height_last_edited=&#8221;on|phone&#8221; global_colors_info=&#8221;{}&#8221;]<\/p>\n<p><strong data-start=\"554\" data-end=\"597\">Her journey took a pivotal turn in 2017<\/strong><span> when she discovered permanent makeup through our Academy, La Station Beaut\u00e9. This moment became a true revelation\u2014an inspiring blend of precision, artistry, and long-lasting transformation. From that point on, Magalie developed a deep passion for dermopigmentation, dedicating herself to the craft with curiosity, discipline, and an unshakable desire to master the technique.<\/span><\/p>\n<p>[\/et_pb_text][\/et_pb_column][\/et_pb_row][et_pb_row module_class=&#8221;row-90 row-avant row-85&#8243; _builder_version=&#8221;4.27.4&#8243; _module_preset=&#8221;baf7b72b-fb34-485d-a850-af6361823b86&#8243; width=&#8221;70%&#8221; custom_margin=&#8221;||90px||false|false&#8221; custom_padding=&#8221;0px||0px||true|false&#8221; global_colors_info=&#8221;{}&#8221;][et_pb_column type=&#8221;4_4&#8243; _builder_version=&#8221;4.20.2&#8243; _module_preset=&#8221;default&#8221; global_colors_info=&#8221;{}&#8221;][et_pb_image src=&#8221;https:\/\/lastationbeaute.com\/wp-content\/uploads\/2025\/12\/att.lAYBZIhJt7h4eE51D5V-FV00VbzijTEy2_saLTGNib8.jpg&#8221; title_text=&#8221;att.lAYBZIhJt7h4eE51D5V-FV00VbzijTEy2_saLTGNib8&#8243; force_fullwidth=&#8221;on&#8221; module_class=&#8221;image-zoome&#8221; _builder_version=&#8221;4.27.4&#8243; _module_preset=&#8221;default&#8221; custom_margin=&#8221;||0px||false|false&#8221; global_colors_info=&#8221;{}&#8221;][\/et_pb_image][\/et_pb_column][\/et_pb_row][et_pb_row column_structure=&#8221;1_2,1_2&#8243; use_custom_gutter=&#8221;on&#8221; make_equal=&#8221;on&#8221; module_class=&#8221;row-90 row-une-liste row-85&#8243; _builder_version=&#8221;4.21.0&#8243; _module_preset=&#8221;baf7b72b-fb34-485d-a850-af6361823b86&#8243; width=&#8221;70%&#8221; custom_margin=&#8221;30px||50px||false|false&#8221; custom_margin_tablet=&#8221;30px||60px||false|false&#8221; custom_margin_phone=&#8221;30px||60px||false|false&#8221; custom_margin_last_edited=&#8221;on|tablet&#8221; custom_padding=&#8221;0px||||false|false&#8221; global_colors_info=&#8221;{}&#8221;][et_pb_column type=&#8221;1_2&#8243; _builder_version=&#8221;4.20.2&#8243; _module_preset=&#8221;default&#8221; custom_padding_tablet=&#8221;|||30px|false|false&#8221; custom_padding_phone=&#8221;|||30px|false|false&#8221; custom_padding_last_edited=&#8221;on|tablet&#8221; global_colors_info=&#8221;{}&#8221;][et_pb_image src=&#8221;https:\/\/lastationbeaute.com\/wp-content\/uploads\/2025\/12\/IMG_9327-scaled.jpg&#8221; title_text=&#8221;Magalie Ramsay&#8221; force_fullwidth=&#8221;on&#8221; module_class=&#8221;image-zoome&#8221; _builder_version=&#8221;4.27.4&#8243; _module_preset=&#8221;default&#8221; custom_margin=&#8221;||0px||false|false&#8221; global_colors_info=&#8221;{}&#8221;][\/et_pb_image][\/et_pb_column][et_pb_column type=&#8221;1_2&#8243; _builder_version=&#8221;4.21.0&#8243; _module_preset=&#8221;default&#8221; custom_padding_tablet=&#8221;|||30px|false|false&#8221; custom_padding_phone=&#8221;|||30px|false|false&#8221; custom_padding_last_edited=&#8221;on|tablet&#8221; custom_css_main_element=&#8221;display: -webkit-box;||  display: -moz-box;||  display: -webkit-flex;||  display: -ms-flexbox;||  display: flex;||||-webkit-justify-content:center;||justify-content:center;||||-moz-flex-direction:column;||-ms-flex-direction:column;||-webkit-flex-direction:column;||flex-direction:column;&#8221; global_colors_info=&#8221;{}&#8221;][et_pb_text admin_label=&#8221;Qu&#8217;est-ce que le Maquillage Permanent&#8221; _builder_version=&#8221;4.21.0&#8243; _module_preset=&#8221;default&#8221; text_text_color=&#8221;#000000&#8243; text_font_size=&#8221;18px&#8221; text_line_height=&#8221;1.4em&#8221; ul_line_height=&#8221;1.4em&#8221; text_font_size_tablet=&#8221;17px&#8221; text_font_size_phone=&#8221;14px&#8221; text_font_size_last_edited=&#8221;on|desktop&#8221; text_line_height_tablet=&#8221;1.4em&#8221; text_line_height_phone=&#8221;1.4em&#8221; text_line_height_last_edited=&#8221;on|phone&#8221; ul_line_height_tablet=&#8221;1.4em&#8221; ul_line_height_phone=&#8221;1.2em&#8221; ul_line_height_last_edited=&#8221;on|phone&#8221; global_colors_info=&#8221;{}&#8221;]<\/p>\n<p data-start=\"975\" data-end=\"1391\"><strong data-start=\"975\" data-end=\"1055\">Over the years, through countless hours of practice and continuing education<\/strong>, Magalie built a strong, refined, and widely recognized expertise. Her professionalism, technical mastery, and artistic sensibility quickly made her <strong data-start=\"1205\" data-end=\"1240\">a leading reference in Gatineau<\/strong>. Her growing clientele and the trust she inspires speak volumes about the exceptional quality of her work and her unwavering commitment to excellence.<\/p>\n<p data-start=\"1393\" data-end=\"1810\"><strong data-start=\"1393\" data-end=\"1450\">Driven by an increasing desire to share her knowledge<\/strong>, Magalie gradually felt called to open a new chapter\u2014one focused on teaching and mentorship. As a mother, an entrepreneur, and a natural leader, she gracefully manages multiple roles with determination and generosity. Her ambition now extends beyond personal achievement: she aspires to help other women flourish, gain confidence, and build their own success.<\/p>\n<p>[\/et_pb_text][\/et_pb_column][\/et_pb_row][et_pb_row module_class=&#8221;row-90 row-avant row-85&#8243; _builder_version=&#8221;4.21.0&#8243; _module_preset=&#8221;baf7b72b-fb34-485d-a850-af6361823b86&#8243; width=&#8221;70%&#8221; custom_padding=&#8221;0px||0px||true|false&#8221; global_colors_info=&#8221;{}&#8221;][et_pb_column type=&#8221;4_4&#8243; _builder_version=&#8221;4.20.2&#8243; _module_preset=&#8221;default&#8221; global_colors_info=&#8221;{}&#8221;][et_pb_image src=&#8221;https:\/\/lastationbeaute.com\/wp-content\/uploads\/2025\/12\/IMG_9396-scaled.jpg&#8221; title_text=&#8221;Magalie Ramsay&#8221; force_fullwidth=&#8221;on&#8221; module_class=&#8221;image-zoome&#8221; _builder_version=&#8221;4.27.4&#8243; _module_preset=&#8221;default&#8221; custom_margin=&#8221;||0px||false|false&#8221; global_colors_info=&#8221;{}&#8221;][\/et_pb_image][\/et_pb_column][\/et_pb_row][et_pb_row module_class=&#8221;row-90 row-une-liste row-85&#8243; _builder_version=&#8221;4.21.0&#8243; _module_preset=&#8221;baf7b72b-fb34-485d-a850-af6361823b86&#8243; width=&#8221;70%&#8221; custom_margin=&#8221;30px||50px||false|false&#8221; custom_margin_tablet=&#8221;30px||60px||false|false&#8221; custom_margin_phone=&#8221;30px||60px||false|false&#8221; custom_margin_last_edited=&#8221;on|tablet&#8221; custom_padding=&#8221;0px||||false|false&#8221; global_colors_info=&#8221;{}&#8221;][et_pb_column type=&#8221;4_4&#8243; _builder_version=&#8221;4.20.2&#8243; _module_preset=&#8221;default&#8221; custom_padding_tablet=&#8221;|||30px|false|false&#8221; custom_padding_phone=&#8221;|||30px|false|false&#8221; custom_padding_last_edited=&#8221;on|tablet&#8221; global_colors_info=&#8221;{}&#8221;][et_pb_text admin_label=&#8221;Qu&#8217;est-ce que le Maquillage Permanent&#8221; _builder_version=&#8221;4.21.0&#8243; _module_preset=&#8221;default&#8221; text_text_color=&#8221;#000000&#8243; text_font_size=&#8221;18px&#8221; text_line_height=&#8221;1.4em&#8221; ul_line_height=&#8221;1.4em&#8221; text_font_size_tablet=&#8221;17px&#8221; text_font_size_phone=&#8221;14px&#8221; text_font_size_last_edited=&#8221;on|desktop&#8221; text_line_height_tablet=&#8221;1.4em&#8221; text_line_height_phone=&#8221;1.4em&#8221; text_line_height_last_edited=&#8221;on|phone&#8221; ul_line_height_tablet=&#8221;1.4em&#8221; ul_line_height_phone=&#8221;1.2em&#8221; ul_line_height_last_edited=&#8221;on|phone&#8221; global_colors_info=&#8221;{}&#8221;]<\/p>\n<p><strong data-start=\"1812\" data-end=\"1886\">In 2025, Magalie officially decided to open La Station Beaut\u00e9 Gatineau<\/strong><span>, an academy that will launch at the beginning of 2026. This new venture represents the culmination of an exceptional journey and the natural continuation of her mission: to offer inspiring, human-centered, and high-quality education. Through her vision, expertise, and heartfelt dedication, Magalie is poised to elevate the aesthetic industry in her region while empowering the next generation of passionate professionals.<\/span><\/p>\n<p>[\/et_pb_text][\/et_pb_column][\/et_pb_row][\/et_pb_section][et_pb_section fb_built=&#8221;1&#8243; _builder_version=&#8221;4.20.2&#8243; _module_preset=&#8221;default&#8221; custom_margin=&#8221;0px||0px||true|false&#8221; custom_padding=&#8221;0px||0px||true|false&#8221; saved_tabs=&#8221;all&#8221; global_colors_info=&#8221;{}&#8221;][et_pb_row module_class=&#8221;row-90&#8243; _builder_version=&#8221;4.19.4&#8243; _module_preset=&#8221;baf7b72b-fb34-485d-a850-af6361823b86&#8243; width=&#8221;90%&#8221; max_width=&#8221;100%&#8221; custom_margin=&#8221;||0px||false|false&#8221; custom_padding=&#8221;||0px||false|false&#8221; global_colors_info=&#8221;{}&#8221;][et_pb_column type=&#8221;4_4&#8243; _builder_version=&#8221;4.19.4&#8243; _module_preset=&#8221;default&#8221; global_colors_info=&#8221;{}&#8221;][et_pb_text admin_label=&#8221;WE CHANGE LIVES &#8211; WE TRAIN ARTISTS&#8221; _builder_version=&#8221;4.21.0&#8243; _module_preset=&#8221;default&#8221; header_2_font=&#8221;Playfair Display|||on|||||&#8221; header_2_text_align=&#8221;center&#8221; header_2_text_color=&#8221;#000000&#8243; header_2_font_size=&#8221;50px&#8221; header_2_line_height=&#8221;1.2em&#8221; custom_margin=&#8221;||30px||false|false&#8221; header_2_font_size_tablet=&#8221;35px&#8221; header_2_font_size_phone=&#8221;20px&#8221; header_2_font_size_last_edited=&#8221;on|desktop&#8221; global_colors_info=&#8221;{}&#8221;]<\/p>\n<h2>Make Dreams Possible &#8211; Make Dreams Possible<\/h2>\n<p>[\/et_pb_text][\/et_pb_column][\/et_pb_row][\/et_pb_section][et_pb_section fb_built=&#8221;1&#8243; admin_label=&#8221;WE SHARE OUR PASSION &#8211; WE LEAD TOWARD SUCCESS&#8221; _builder_version=&#8221;4.19.4&#8243; _module_preset=&#8221;default&#8221; background_color=&#8221;#000000&#8243; custom_margin=&#8221;0px||||false|false&#8221; custom_padding=&#8221;0px||10px||false|false&#8221; saved_tabs=&#8221;all&#8221; global_colors_info=&#8221;{}&#8221;][et_pb_row module_class=&#8221;row-90&#8243; _builder_version=&#8221;4.19.4&#8243; _module_preset=&#8221;baf7b72b-fb34-485d-a850-af6361823b86&#8243; width=&#8221;90%&#8221; max_width=&#8221;100%&#8221; custom_margin=&#8221;||0px||false|false&#8221; custom_padding=&#8221;||0px||false|false&#8221; global_colors_info=&#8221;{}&#8221;][et_pb_column type=&#8221;4_4&#8243; _builder_version=&#8221;4.19.4&#8243; _module_preset=&#8221;default&#8221; global_colors_info=&#8221;{}&#8221;][et_pb_text admin_label=&#8221;WE SHARE OUR PASSION &#8211; WE LEAD TOWARD SUCCESS&#8221; _builder_version=&#8221;4.21.0&#8243; _module_preset=&#8221;default&#8221; header_2_font=&#8221;Playfair Display|||on|||||&#8221; header_2_text_align=&#8221;center&#8221; header_2_text_color=&#8221;#FFFFFF&#8221; header_2_font_size=&#8221;50px&#8221; header_2_line_height=&#8221;1.2em&#8221; custom_margin=&#8221;||30px||false|false&#8221; header_2_font_size_tablet=&#8221;35px&#8221; header_2_font_size_phone=&#8221;20px&#8221; header_2_font_size_last_edited=&#8221;on|desktop&#8221; global_colors_info=&#8221;{}&#8221;]<\/p>\n<h2>Give A Constant Support &#8211; Give A Constant Support<\/h2>\n<p>[\/et_pb_text][\/et_pb_column][\/et_pb_row][\/et_pb_section]<\/p>\n","protected":false},"excerpt":{"rendered":"<p>SUCCESS STORIESMagalie Ramsay&#8221;Leadership is about making others better as a result of your presence and making sure that impact lasts in your absence.&#8221;Since childhood, Magalie Ramsay has been fascinated by the world of aesthetics. From a young age, she was drawn to beauty, creativity, and the art of detail. Right after finishing high school, she [&hellip;]<\/p>\n","protected":false},"author":543,"featured_media":52632,"parent":32701,"menu_order":0,"comment_status":"closed","ping_status":"closed","template":"","meta":{"_et_pb_use_builder":"on","_et_pb_old_content":"","_et_gb_content_width":"","om_disable_all_campaigns":false,"_monsterinsights_skip_tracking":false,"_monsterinsights_sitenote_active":false,"_monsterinsights_sitenote_note":"","_monsterinsights_sitenote_category":0,"footnotes":""},"dipi_cpt_category":[],"class_list":["post-32709","page","type-page","status-publish","has-post-thumbnail","hentry"],"aioseo_notices":[],"_links":{"self":[{"href":"https:\/\/lastationbeaute.com\/en\/wp-json\/wp\/v2\/pages\/32709","targetHints":{"allow":["GET"]}}],"collection":[{"href":"https:\/\/lastationbeaute.com\/en\/wp-json\/wp\/v2\/pages"}],"about":[{"href":"https:\/\/lastationbeaute.com\/en\/wp-json\/wp\/v2\/types\/page"}],"author":[{"embeddable":true,"href":"https:\/\/lastationbeaute.com\/en\/wp-json\/wp\/v2\/users\/543"}],"replies":[{"embeddable":true,"href":"https:\/\/lastationbeaute.com\/en\/wp-json\/wp\/v2\/comments?post=32709"}],"version-history":[{"count":3,"href":"https:\/\/lastationbeaute.com\/en\/wp-json\/wp\/v2\/pages\/32709\/revisions"}],"predecessor-version":[{"id":52784,"href":"https:\/\/lastationbeaute.com\/en\/wp-json\/wp\/v2\/pages\/32709\/revisions\/52784"}],"up":[{"embeddable":true,"href":"https:\/\/lastationbeaute.com\/en\/wp-json\/wp\/v2\/pages\/32701"}],"wp:featuredmedia":[{"embeddable":true,"href":"https:\/\/lastationbeaute.com\/en\/wp-json\/wp\/v2\/media\/52632"}],"wp:attachment":[{"href":"https:\/\/lastationbeaute.com\/en\/wp-json\/wp\/v2\/media?parent=32709"}],"wp:term":[{"taxonomy":"dipi_cpt_category","embeddable":true,"href":"https:\/\/lastationbeaute.com\/en\/wp-json\/wp\/v2\/dipi_cpt_category?post=32709"}],"curies":[{"name":"wp","href":"https:\/\/api.w.org\/{rel}","templated":true}]}}