{"id":14945,"date":"2021-02-15T13:56:25","date_gmt":"2021-02-15T18:56:25","guid":{"rendered":"https:\/\/lastationbeaute.com\/trainings\/"},"modified":"2026-03-19T08:18:03","modified_gmt":"2026-03-19T12:18:03","slug":"trainings","status":"publish","type":"page","link":"https:\/\/lastationbeaute.com\/en\/trainings\/","title":{"rendered":"Trainings"},"content":{"rendered":"<p>[et_pb_section fb_built=&#8221;1&#8243; _builder_version=&#8221;4.16&#8243; custom_padding=&#8221;121px|0px|0px|0px|false|false&#8221; global_colors_info=&#8221;{}&#8221;][et_pb_row admin_label=&#8221;Acc\u00e8s \u00e0 la formation en ligne&#8221; module_class=&#8221;row-90&#8243; _builder_version=&#8221;4.20.0&#8243; _module_preset=&#8221;807bc45d-88bc-452c-a345-1a5b8ee58ff6&#8243; width=&#8221;90%&#8221; width_tablet=&#8221;&#8221; width_phone=&#8221;90%&#8221; width_last_edited=&#8221;on|desktop&#8221; custom_margin=&#8221;50px||||false|false&#8221; custom_margin_tablet=&#8221;50px||||false|false&#8221; custom_margin_phone=&#8221;50px||||false|false&#8221; custom_margin_last_edited=&#8221;on|desktop&#8221; border_width_all=&#8221;2px&#8221; border_color_top=&#8221;#000000&#8243; locked=&#8221;off&#8221; global_colors_info=&#8221;{}&#8221;][et_pb_column type=&#8221;4_4&#8243; _builder_version=&#8221;4.19.4&#8243; _module_preset=&#8221;default&#8221; global_colors_info=&#8221;{}&#8221;][et_pb_text admin_label=&#8221;Acc\u00e8s \u00e0 la formation en ligne&#8221; _builder_version=&#8221;4.19.4&#8243; _module_preset=&#8221;default&#8221; header_3_font=&#8221;Poppins||||||||&#8221; header_3_text_align=&#8221;center&#8221; header_3_text_color=&#8221;#000000&#8243; header_3_font_size=&#8221;35px&#8221; header_3_line_height=&#8221;1.3em&#8221; background_color=&#8221;#FFFFFF&#8221; custom_margin=&#8221;-70px||15px||false|false&#8221; custom_margin_tablet=&#8221;-70px||15px||false|false&#8221; custom_margin_phone=&#8221;-70px||15px||false|false&#8221; custom_margin_last_edited=&#8221;on|desktop&#8221; custom_padding=&#8221;15px|40px|15px|40px|true|true&#8221; custom_padding_tablet=&#8221;15px|40px|15px|40px|true|true&#8221; custom_padding_phone=&#8221;10px|15px|10px|15px|true|true&#8221; custom_padding_last_edited=&#8221;on|desktop&#8221; header_3_font_size_tablet=&#8221;30px&#8221; header_3_font_size_phone=&#8221;18px&#8221; header_3_font_size_last_edited=&#8221;on|desktop&#8221; custom_css_main_element=&#8221;width:fit-content;||width:-moz-fit-content;||width:-webkit-fit-content;||margin:auto;&#8221; global_colors_info=&#8221;{}&#8221;]<\/p>\n<h3>Discover our Academy !<\/h3>\n<p>[\/et_pb_text][et_pb_text admin_label=&#8221;Suite \u00e0 votre formation en classe vous obtiendrez l&#8217;acc\u00e8s complet \u00e0 la formation en ligne vous permettant de renforcer vos apprentissages &#038; de continuer \u00e0 am\u00e9liorer vos techniques.&#8221; _builder_version=&#8221;4.19.4&#8243; _module_preset=&#8221;default&#8221; text_font=&#8221;Poppins||||||||&#8221; text_text_color=&#8221;#000000&#8243; text_font_size=&#8221;18px&#8221; text_line_height=&#8221;1.4em&#8221; text_orientation=&#8221;center&#8221; text_font_size_tablet=&#8221;17px&#8221; text_font_size_phone=&#8221;15px&#8221; text_font_size_last_edited=&#8221;on|desktop&#8221; global_colors_info=&#8221;{}&#8221;]<\/p>\n<p data-start=\"97\" data-end=\"398\">La Station Beaut\u00e9 is an academy specialized in <strong data-start=\"172\" data-end=\"220\">professional training in the beauty industry<\/strong>. Recognized across Quebec for the quality of its education and real-world expertise, the academy stands out through its structured, hands-on approach focused on student success.<\/p>\n<p data-start=\"400\" data-end=\"643\">With a team of <strong data-start=\"415\" data-end=\"475\">experienced instructors actively working in the industry<\/strong>, La Station Beaut\u00e9 offers practical, trend-driven training that enables students to develop strong technical skills and build a sustainable career in the beauty field.<\/p>\n<p>[\/et_pb_text][\/et_pb_column][\/et_pb_row][\/et_pb_section][et_pb_section fb_built=&#8221;1&#8243; _builder_version=&#8221;4.16&#8243; global_colors_info=&#8221;{}&#8221;][et_pb_row column_structure=&#8221;1_3,1_3,1_3&#8243; _builder_version=&#8221;4.16&#8243; animation_style=&#8221;slide&#8221; global_colors_info=&#8221;{}&#8221;][et_pb_column type=&#8221;1_3&#8243; _builder_version=&#8221;4.16&#8243; custom_padding=&#8221;|||&#8221; global_colors_info=&#8221;{}&#8221; custom_padding__hover=&#8221;|||&#8221;][et_pb_image src=&#8221;https:\/\/lastationbeaute.com\/wp-content\/uploads\/2020\/02\/lsb-aff-microblading-18&#215;24-final.jpg&#8221; alt=&#8221;Formation Microblading en ligne&#8221; title_text=&#8221;Formation Microblading en ligne 1&#8243; url=&#8221;https:\/\/lastationbeaute.com\/formations\/microblading\/&#8221; align_tablet=&#8221;center&#8221; align_phone=&#8221;&#8221; align_last_edited=&#8221;on|desktop&#8221; admin_label=&#8221;Microblading&#8221; _builder_version=&#8221;4.16&#8243; global_colors_info=&#8221;{}&#8221;][\/et_pb_image][\/et_pb_column][et_pb_column type=&#8221;1_3&#8243; _builder_version=&#8221;4.16&#8243; custom_padding=&#8221;|||&#8221; global_colors_info=&#8221;{}&#8221; custom_padding__hover=&#8221;|||&#8221;][et_pb_image src=&#8221;https:\/\/lastationbeaute.com\/wp-content\/uploads\/2025\/12\/MANUEL-KOREAN-LASHIFT-scaled.png&#8221; alt=&#8221;TROUSSE LASHLIFT&#8221; title_text=&#8221;MANUEL KOREAN LASHIFT&#8221; url=&#8221;https:\/\/lastationbeaute.com\/formations\/lashlift\/&#8221; align_tablet=&#8221;center&#8221; align_phone=&#8221;&#8221; align_last_edited=&#8221;on|desktop&#8221; admin_label=&#8221;Lashlift&#8221; _builder_version=&#8221;4.27.6&#8243; hover_enabled=&#8221;0&#8243; global_colors_info=&#8221;{}&#8221; sticky_enabled=&#8221;0&#8243;][\/et_pb_image][\/et_pb_column][et_pb_column type=&#8221;1_3&#8243; _builder_version=&#8221;4.16&#8243; custom_padding=&#8221;|||&#8221; global_colors_info=&#8221;{}&#8221; custom_padding__hover=&#8221;|||&#8221;][et_pb_image src=&#8221;https:\/\/lastationbeaute.com\/wp-content\/uploads\/2020\/06\/LSB_Aff_PMU_Final.jpg&#8221; title_text=&#8221;LSB_Aff_PMU_Final&#8221; url=&#8221;\/formations\/maquillage-permanant\/&#8221; align_tablet=&#8221;center&#8221; align_phone=&#8221;&#8221; align_last_edited=&#8221;on|desktop&#8221; admin_label=&#8221;Maquillage permanent&#8221; _builder_version=&#8221;4.16&#8243; global_colors_info=&#8221;{}&#8221;][\/et_pb_image][\/et_pb_column][\/et_pb_row][et_pb_row column_structure=&#8221;1_3,1_3,1_3&#8243; _builder_version=&#8221;4.16&#8243; animation_style=&#8221;slide&#8221; global_colors_info=&#8221;{}&#8221;][et_pb_column type=&#8221;1_3&#8243; _builder_version=&#8221;4.16&#8243; custom_padding=&#8221;|||&#8221; global_colors_info=&#8221;{}&#8221; custom_padding__hover=&#8221;|||&#8221;][et_pb_image src=&#8221;https:\/\/lastationbeaute.com\/wp-content\/uploads\/2023\/10\/AFFICHE_CILS_CLASSIQUE_a0f1c529-121f-486f-b49c-97b9672c674c.webp&#8221; alt=&#8221;TROUSSE CILS CLASSIQUE DELUXE&#8221; title_text=&#8221;AFFICHE_CILS_CLASSIQUE_a0f1c529-121f-486f-b49c-97b9672c674c&#8221; url=&#8221;https:\/\/lastationbeaute.com\/formations\/extension-de-cils\/&#8221; align_tablet=&#8221;center&#8221; align_phone=&#8221;&#8221; align_last_edited=&#8221;on|desktop&#8221; admin_label=&#8221;Extension de cils&#8221; _builder_version=&#8221;4.27.6&#8243; hover_enabled=&#8221;0&#8243; global_colors_info=&#8221;{}&#8221; sticky_enabled=&#8221;0&#8243;][\/et_pb_image][\/et_pb_column][et_pb_column type=&#8221;1_3&#8243; _builder_version=&#8221;4.16&#8243; custom_padding=&#8221;|||&#8221; global_colors_info=&#8221;{}&#8221; custom_padding__hover=&#8221;|||&#8221;][et_pb_image src=&#8221;https:\/\/lastationbeaute.com\/wp-content\/uploads\/2020\/03\/LSB_Visuel-web_VolumeRusse.jpg&#8221; url=&#8221;https:\/\/lastationbeaute.com\/formations\/volume-russe\/&#8221; align_tablet=&#8221;center&#8221; align_phone=&#8221;&#8221; align_last_edited=&#8221;on|desktop&#8221; admin_label=&#8221;Volume Russe&#8221; _builder_version=&#8221;4.16&#8243; global_colors_info=&#8221;{}&#8221;][\/et_pb_image][\/et_pb_column][et_pb_column type=&#8221;1_3&#8243; _builder_version=&#8221;4.16&#8243; custom_padding=&#8221;|||&#8221; global_colors_info=&#8221;{}&#8221; custom_padding__hover=&#8221;|||&#8221;][et_pb_image src=&#8221;https:\/\/lastationbeaute.com\/wp-content\/uploads\/2026\/02\/Manuel-Tiny-Tattoo_Page_001-scaled.png&#8221; alt=&#8221;Trousse BB Glow&#8221; title_text=&#8221;Manuel Tiny Tattoo_Page_001&#8243; url=&#8221;https:\/\/boutique.lastationbeaute.com\/products\/formation-tiny-tattoo-elearning-trousse-incluse&#8221; align_tablet=&#8221;center&#8221; align_phone=&#8221;&#8221; align_last_edited=&#8221;on|desktop&#8221; admin_label=&#8221;Micropigmentation-capillaire&#8221; _builder_version=&#8221;4.27.6&#8243; hover_enabled=&#8221;0&#8243; global_colors_info=&#8221;{}&#8221; sticky_enabled=&#8221;0&#8243;][\/et_pb_image][\/et_pb_column][\/et_pb_row][et_pb_row column_structure=&#8221;1_3,1_3,1_3&#8243; _builder_version=&#8221;4.16&#8243; animation_style=&#8221;slide&#8221; global_colors_info=&#8221;{}&#8221;][et_pb_column type=&#8221;1_3&#8243; _builder_version=&#8221;4.16&#8243; custom_padding=&#8221;|||&#8221; global_colors_info=&#8221;{}&#8221; custom_padding__hover=&#8221;|||&#8221;][et_pb_image src=&#8221;https:\/\/lastationbeaute.com\/wp-content\/uploads\/2019\/08\/LSB_Aff_Henne_18x24_f-scaled.jpg&#8221; url=&#8221;https:\/\/lastationbeaute.com\/en\/henne-coloration\/&#8221; align_tablet=&#8221;center&#8221; align_phone=&#8221;&#8221; align_last_edited=&#8221;on|desktop&#8221; admin_label=&#8221;Microblading-L\u00e8vres&#8221; _builder_version=&#8221;4.16&#8243; global_colors_info=&#8221;{}&#8221;][\/et_pb_image][\/et_pb_column][et_pb_column type=&#8221;1_3&#8243; _builder_version=&#8221;4.16&#8243; custom_padding=&#8221;|||&#8221; global_colors_info=&#8221;{}&#8221; custom_padding__hover=&#8221;|||&#8221;][et_pb_image src=&#8221;https:\/\/lastationbeaute.com\/wp-content\/uploads\/2019\/12\/duo-nano.jpg&#8221; _builder_version=&#8221;4.16&#8243; global_colors_info=&#8221;{}&#8221;][\/et_pb_image][\/et_pb_column][et_pb_column type=&#8221;1_3&#8243; _builder_version=&#8221;4.16&#8243; custom_padding=&#8221;|||&#8221; global_colors_info=&#8221;{}&#8221; custom_padding__hover=&#8221;|||&#8221;][et_pb_image src=&#8221;https:\/\/lastationbeaute.com\/wp-content\/uploads\/2025\/09\/LSB_Aff_Microneedling_final-scaled.jpg&#8221; title_text=&#8221;LSB_Aff_Microneedling_final&#8221; url=&#8221;https:\/\/lastationbeaute.com\/formations\/microneedling\/&#8221; align_tablet=&#8221;center&#8221; align_phone=&#8221;&#8221; align_last_edited=&#8221;on|desktop&#8221; admin_label=&#8221;Blanchiment&#8221; _builder_version=&#8221;4.27.6&#8243; hover_enabled=&#8221;0&#8243; global_colors_info=&#8221;{}&#8221; sticky_enabled=&#8221;0&#8243;][\/et_pb_image][\/et_pb_column][\/et_pb_row][\/et_pb_section][et_pb_section fb_built=&#8221;1&#8243; disabled_on=&#8221;on|on|on&#8221; _builder_version=&#8221;4.16&#8243; background_color=&#8221;#000000&#8243; min_height=&#8221;157px&#8221; custom_margin=&#8221;-2px|||||&#8221; custom_padding=&#8221;0px|0px|0px|0px|false|false&#8221; disabled=&#8221;on&#8221; global_colors_info=&#8221;{}&#8221;][et_pb_row column_structure=&#8221;1_4,1_4,1_4,1_4&#8243; custom_padding_last_edited=&#8221;on|phone&#8221; disabled_on=&#8221;on|on|off&#8221; _builder_version=&#8221;4.16&#8243; min_height=&#8221;143px&#8221; custom_padding=&#8221;|15%|18px|15%|false|false&#8221; custom_padding_tablet=&#8221;|50px||50px&#8221; custom_padding_phone=&#8221;|25px||25px&#8221; global_colors_info=&#8221;{}&#8221;][et_pb_column type=&#8221;1_4&#8243; _builder_version=&#8221;4.16&#8243; custom_padding=&#8221;|||&#8221; global_colors_info=&#8221;{}&#8221; custom_padding__hover=&#8221;|||&#8221;][\/et_pb_column][et_pb_column type=&#8221;1_4&#8243; _builder_version=&#8221;4.16&#8243; custom_padding=&#8221;|||&#8221; global_colors_info=&#8221;{}&#8221; custom_padding__hover=&#8221;|||&#8221;][et_pb_image src=&#8221;https:\/\/lastationbeaute.com\/wp-content\/uploads\/2018\/03\/facebook.png&#8221; url=&#8221;https:\/\/www.facebook.com\/lastationbeaute\/&#8221; url_new_window=&#8221;on&#8221; align=&#8221;center&#8221; align_tablet=&#8221;center&#8221; align_phone=&#8221;&#8221; align_last_edited=&#8221;on|desktop&#8221; disabled_on=&#8221;on|on|off&#8221; admin_label=&#8221;Logo &#8211; Facebook&#8221; _builder_version=&#8221;4.16&#8243; animation_style=&#8221;zoom&#8221; global_colors_info=&#8221;{}&#8221;][\/et_pb_image][\/et_pb_column][et_pb_column type=&#8221;1_4&#8243; _builder_version=&#8221;4.16&#8243; custom_padding=&#8221;|||&#8221; global_colors_info=&#8221;{}&#8221; custom_padding__hover=&#8221;|||&#8221;][et_pb_image src=&#8221;https:\/\/lastationbeaute.com\/wp-content\/uploads\/2018\/03\/instagramme.png&#8221; url=&#8221;https:\/\/www.instagram.com\/lastationbeaute\/&#8221; url_new_window=&#8221;on&#8221; align=&#8221;center&#8221; align_tablet=&#8221;center&#8221; align_phone=&#8221;&#8221; align_last_edited=&#8221;on|desktop&#8221; admin_label=&#8221;Logo &#8211; Instagramme&#8221; _builder_version=&#8221;4.16&#8243; animation_style=&#8221;zoom&#8221; global_colors_info=&#8221;{}&#8221;][\/et_pb_image][\/et_pb_column][et_pb_column type=&#8221;1_4&#8243; _builder_version=&#8221;4.16&#8243; custom_padding=&#8221;|||&#8221; global_colors_info=&#8221;{}&#8221; custom_padding__hover=&#8221;|||&#8221;][\/et_pb_column][\/et_pb_row][et_pb_row column_structure=&#8221;1_2,1_2&#8243; custom_padding_last_edited=&#8221;on|phone&#8221; disabled_on=&#8221;off|off|on&#8221; _builder_version=&#8221;4.16&#8243; min_height=&#8221;143px&#8221; custom_padding=&#8221;|15%|18px|15%|false|false&#8221; custom_padding_tablet=&#8221;|50px||50px&#8221; custom_padding_phone=&#8221;|25px||25px&#8221; global_colors_info=&#8221;{}&#8221;][et_pb_column type=&#8221;1_2&#8243; _builder_version=&#8221;4.16&#8243; custom_padding=&#8221;|||&#8221; custom_css_main_element=&#8221;width:50%!important;&#8221; global_colors_info=&#8221;{}&#8221; custom_padding__hover=&#8221;|||&#8221;][et_pb_image src=&#8221;https:\/\/lastationbeaute.com\/wp-content\/uploads\/2018\/03\/facebook.png&#8221; url=&#8221;https:\/\/www.facebook.com\/lastationbeaute\/&#8221; url_new_window=&#8221;on&#8221; align=&#8221;center&#8221; align_tablet=&#8221;center&#8221; align_phone=&#8221;center&#8221; align_last_edited=&#8221;on|desktop&#8221; disabled_on=&#8221;off|off|off&#8221; admin_label=&#8221;Logo &#8211; Facebook&#8221; _builder_version=&#8221;4.16&#8243; animation_style=&#8221;zoom&#8221; global_colors_info=&#8221;{}&#8221;][\/et_pb_image][\/et_pb_column][et_pb_column type=&#8221;1_2&#8243; _builder_version=&#8221;4.16&#8243; custom_padding=&#8221;|||&#8221; custom_css_main_element=&#8221;width:50%!important;&#8221; global_colors_info=&#8221;{}&#8221; custom_padding__hover=&#8221;|||&#8221;][et_pb_image src=&#8221;https:\/\/lastationbeaute.com\/wp-content\/uploads\/2018\/03\/instagramme.png&#8221; url=&#8221;https:\/\/www.instagram.com\/lastationbeaute\/&#8221; url_new_window=&#8221;on&#8221; align=&#8221;center&#8221; align_tablet=&#8221;center&#8221; align_phone=&#8221;&#8221; align_last_edited=&#8221;on|desktop&#8221; admin_label=&#8221;Logo &#8211; Instagramme&#8221; _builder_version=&#8221;4.16&#8243; animation_style=&#8221;zoom&#8221; global_colors_info=&#8221;{}&#8221;][\/et_pb_image][\/et_pb_column][\/et_pb_row][et_pb_row _builder_version=&#8221;4.16&#8243; custom_padding=&#8221;32px|0px|24px|0px|false|false&#8221; global_colors_info=&#8221;{}&#8221;][et_pb_column type=&#8221;4_4&#8243; _builder_version=&#8221;4.16&#8243; custom_padding=&#8221;|||&#8221; global_colors_info=&#8221;{}&#8221; custom_padding__hover=&#8221;|||&#8221;][et_pb_button button_url=&#8221;https:\/\/lastationbeaute.com\/en\/make-an-appointment\/&#8221; button_text=&#8221;MAKE AN APPOINTMENT&#8221; button_alignment=&#8221;center&#8221; _builder_version=&#8221;4.16&#8243; global_colors_info=&#8221;{}&#8221;][\/et_pb_button][\/et_pb_column][\/et_pb_row][\/et_pb_section]<\/p>\n","protected":false},"excerpt":{"rendered":"<p>Discover our Academy !La Station Beaut\u00e9 is an academy specialized in professional training in the beauty industry. Recognized across Quebec for the quality of its education and real-world expertise, the academy stands out through its structured, hands-on approach focused on student success. With a team of experienced instructors actively working in the industry, La Station [&hellip;]<\/p>\n","protected":false},"author":543,"featured_media":0,"parent":0,"menu_order":4,"comment_status":"closed","ping_status":"closed","template":"","meta":{"_et_pb_use_builder":"on","_et_pb_old_content":"","_et_gb_content_width":"","om_disable_all_campaigns":false,"_monsterinsights_skip_tracking":false,"_monsterinsights_sitenote_active":false,"_monsterinsights_sitenote_note":"","_monsterinsights_sitenote_category":0,"footnotes":""},"dipi_cpt_category":[],"class_list":["post-14945","page","type-page","status-publish","hentry"],"aioseo_notices":[],"_links":{"self":[{"href":"https:\/\/lastationbeaute.com\/en\/wp-json\/wp\/v2\/pages\/14945","targetHints":{"allow":["GET"]}}],"collection":[{"href":"https:\/\/lastationbeaute.com\/en\/wp-json\/wp\/v2\/pages"}],"about":[{"href":"https:\/\/lastationbeaute.com\/en\/wp-json\/wp\/v2\/types\/page"}],"author":[{"embeddable":true,"href":"https:\/\/lastationbeaute.com\/en\/wp-json\/wp\/v2\/users\/543"}],"replies":[{"embeddable":true,"href":"https:\/\/lastationbeaute.com\/en\/wp-json\/wp\/v2\/comments?post=14945"}],"version-history":[{"count":2,"href":"https:\/\/lastationbeaute.com\/en\/wp-json\/wp\/v2\/pages\/14945\/revisions"}],"predecessor-version":[{"id":56091,"href":"https:\/\/lastationbeaute.com\/en\/wp-json\/wp\/v2\/pages\/14945\/revisions\/56091"}],"wp:attachment":[{"href":"https:\/\/lastationbeaute.com\/en\/wp-json\/wp\/v2\/media?parent=14945"}],"wp:term":[{"taxonomy":"dipi_cpt_category","embeddable":true,"href":"https:\/\/lastationbeaute.com\/en\/wp-json\/wp\/v2\/dipi_cpt_category?post=14945"}],"curies":[{"name":"wp","href":"https:\/\/api.w.org\/{rel}","templated":true}]}}